{"id":11096,"date":"2023-05-04T10:25:03","date_gmt":"2023-05-04T08:25:03","guid":{"rendered":"http:\/\/clone.youelba.com\/webcam-portoferraio-arrivo-traghetti\/"},"modified":"2025-01-09T17:01:01","modified_gmt":"2025-01-09T16:01:01","slug":"webcam-portoferraio-ankunft-der-faehre","status":"publish","type":"page","link":"https:\/\/www.appartamentisoladelba.it\/de\/webcam-portoferraio-ankunft-der-faehre\/","title":{"rendered":"Webcam Portoferraio Ankunft der F\u00e4hre"},"content":{"rendered":"\t\t<div data-elementor-type=\"wp-page\" data-elementor-id=\"11096\" class=\"elementor elementor-11096 elementor-11064\">\n\t\t\t\t\t\t<section class=\"elementor-section elementor-top-section elementor-element elementor-element-69e1a829 elementor-section-boxed elementor-section-height-default elementor-section-height-default\" data-id=\"69e1a829\" data-element_type=\"section\" data-e-type=\"section\">\n\t\t\t\t\t\t<div class=\"elementor-container elementor-column-gap-default\">\n\t\t\t\t\t<div class=\"elementor-column elementor-col-100 elementor-top-column elementor-element elementor-element-df89302\" data-id=\"df89302\" data-element_type=\"column\" data-e-type=\"column\">\n\t\t\t<div class=\"elementor-widget-wrap elementor-element-populated\">\n\t\t\t\t\t\t<div class=\"elementor-element elementor-element-6b0f7399 elementor-widget elementor-widget-text-editor\" data-id=\"6b0f7399\" data-element_type=\"widget\" data-e-type=\"widget\" data-widget_type=\"text-editor.default\">\n\t\t\t\t<div class=\"elementor-widget-container\">\n\t\t\t\t\t\t\t\t\t<p>Unsere <strong>Live-Webcam<\/strong> blickt direkt auf den Hafen von Portoferraio, um die <strong>Ankunft und Abfahrt<\/strong> der F\u00e4hren zur Insel Elba zu \u00fcberwachen.<\/p><p>Es ist n\u00fctzlich, um die Situation an den Ein- und Ausschiffungsorten im Auge zu behalten, und liefert au\u00dferdem Echtzeitinformationen \u00fcber Wetter-, Wind- und Wellenbedingungen.<\/p><p>Hier ist eine wertvolle Ressource, wo Sie alle Live-<a href=\"https:\/\/www.viaggidelgenio.it\/webcam-isola-d-elba\/\">Webcams auf der Insel Elba<\/a> sehen k\u00f6nnen.<\/p><p>Wenn Sie auf der Insel Elba in einer unserer Wohnungen oder Ferienh\u00e4user wohnen m\u00f6chten, empfehlen wir Ihnen, einen Blick auf unsere Website zu werfen, wo Sie alle unsere Unterkunftsangebote und alle zu <a href=\"https:\/\/www.appartamentisoladelba.it\/de\/ferienwohnungen\/\">vermietenden Ferienwohnungen<\/a> finden.<\/p>\t\t\t\t\t\t\t\t<\/div>\n\t\t\t\t<\/div>\n\t\t\t\t\t<\/div>\n\t\t<\/div>\n\t\t\t\t\t<\/div>\n\t\t<\/section>\n\t\t\t\t<section class=\"elementor-section elementor-top-section elementor-element elementor-element-6ee25ad elementor-section-stretched elementor-hidden-mobile elementor-section-boxed elementor-section-height-default elementor-section-height-default\" data-id=\"6ee25ad\" data-element_type=\"section\" data-e-type=\"section\" data-settings=\"{&quot;stretch_section&quot;:&quot;section-stretched&quot;}\">\n\t\t\t\t\t\t<div class=\"elementor-container elementor-column-gap-default\">\n\t\t\t\t\t<div class=\"elementor-column elementor-col-100 elementor-top-column elementor-element elementor-element-af4f05b\" data-id=\"af4f05b\" data-element_type=\"column\" data-e-type=\"column\">\n\t\t\t<div class=\"elementor-widget-wrap elementor-element-populated\">\n\t\t\t\t\t\t<div class=\"elementor-element elementor-element-d9c0416 elementor-widget elementor-widget-text-editor\" data-id=\"d9c0416\" data-element_type=\"widget\" data-e-type=\"widget\" data-widget_type=\"text-editor.default\">\n\t\t\t\t<div class=\"elementor-widget-container\">\n\t\t\t\t\t\t\t\t\t<iframe src=\"https:\/\/webcamgenio.duckdns.org\/78bd3ba0-060d-4372-ac17-28c2007fa5dc.html\" width=\"800\" height=\"600\" frameborder=\"no\" scrolling=\"no\" allowfullscreen=\"allowfullscreen\"><span data-mce-type=\"bookmark\" style=\"display: inline-block; width: 0px; overflow: hidden; line-height: 0;\" class=\"mce_SELRES_start\">\ufeff<\/span><\/iframe>\t\t\t\t\t\t\t\t<\/div>\n\t\t\t\t<\/div>\n\t\t\t\t\t<\/div>\n\t\t<\/div>\n\t\t\t\t\t<\/div>\n\t\t<\/section>\n\t\t\t\t<section class=\"elementor-section elementor-top-section elementor-element elementor-element-b1b656e elementor-section-full_width elementor-section-stretched elementor-hidden-desktop elementor-hidden-tablet elementor-section-height-default elementor-section-height-default\" data-id=\"b1b656e\" data-element_type=\"section\" data-e-type=\"section\" data-settings=\"{&quot;stretch_section&quot;:&quot;section-stretched&quot;}\">\n\t\t\t\t\t\t<div class=\"elementor-container elementor-column-gap-default\">\n\t\t\t\t\t<div class=\"elementor-column elementor-col-100 elementor-top-column elementor-element elementor-element-0b8394c\" data-id=\"0b8394c\" data-element_type=\"column\" data-e-type=\"column\">\n\t\t\t<div class=\"elementor-widget-wrap elementor-element-populated\">\n\t\t\t\t\t\t<div class=\"elementor-element elementor-element-8108521 elementor-widget elementor-widget-text-editor\" data-id=\"8108521\" data-element_type=\"widget\" data-e-type=\"widget\" data-widget_type=\"text-editor.default\">\n\t\t\t\t<div class=\"elementor-widget-container\">\n\t\t\t\t\t\t\t\t\t<iframe src=\"https:\/\/webcamgenio.duckdns.org\/e009a5d4-e598-4d89-8bb1-c743ca8c0d61.html\" name=\"restreamer-player\" width=\"400\" height=\"225\" frameborder=\"0\" scrolling=\"no\" allowfullscreen=\"allowfullscreen\"><span data-mce-type=\"bookmark\" style=\"display: inline-block; width: 0px; overflow: hidden; line-height: 0;\" class=\"mce_SELRES_start\">\ufeff<\/span><span data-mce-type=\"bookmark\" style=\"display: inline-block; width: 0px; overflow: hidden; line-height: 0;\" class=\"mce_SELRES_start\">\ufeff<\/span><\/iframe>\t\t\t\t\t\t\t\t<\/div>\n\t\t\t\t<\/div>\n\t\t\t\t\t<\/div>\n\t\t<\/div>\n\t\t\t\t\t<\/div>\n\t\t<\/section>\n\t\t\t\t<\/div>\n\t\t","protected":false},"excerpt":{"rendered":"<p>Unsere Live-Webcam blickt direkt auf den Hafen von Portoferraio, um die Ankunft und Abfahrt der F\u00e4hren zur Insel Elba zu \u00fcberwachen. Es ist n\u00fctzlich, um die Situation an den Ein- und Ausschiffungsorten im Auge zu behalten, und liefert au\u00dferdem Echtzeitinformationen \u00fcber Wetter-, Wind- und Wellenbedingungen. Hier ist eine wertvolle Ressource, wo Sie alle Live-Webcams auf [&hellip;]<\/p>\n","protected":false},"author":2,"featured_media":11085,"parent":0,"menu_order":0,"comment_status":"closed","ping_status":"closed","template":"","meta":{"_joinchat":[],"footnotes":""},"class_list":["post-11096","page","type-page","status-publish","has-post-thumbnail","hentry"],"yoast_head":"<!-- This site is optimized with the Yoast SEO plugin v27.2 - https:\/\/yoast.com\/product\/yoast-seo-wordpress\/ -->\n<title>Webcam Portoferraio Ankunft der F\u00e4hre - Appartamenti Isola d&#039;Elba<\/title>\n<meta name=\"description\" content=\"Eine Live-Webcam zur \u00dcberwachung der Ankunft der F\u00e4hren in Portoferraio, der Situation in den Einschiffungsh\u00e4fen und der Wetterbedingungen.\" \/>\n<meta name=\"robots\" content=\"index, follow, max-snippet:-1, max-image-preview:large, max-video-preview:-1\" \/>\n<link rel=\"canonical\" href=\"https:\/\/www.appartamentisoladelba.it\/de\/webcam-portoferraio-ankunft-der-faehre\/\" \/>\n<meta property=\"og:locale\" content=\"de_DE\" \/>\n<meta property=\"og:type\" content=\"article\" \/>\n<meta property=\"og:title\" content=\"Webcam Portoferraio Ankunft der F\u00e4hre - Appartamenti Isola d&#039;Elba\" \/>\n<meta property=\"og:description\" content=\"Eine Live-Webcam zur \u00dcberwachung der Ankunft der F\u00e4hren in Portoferraio, der Situation in den Einschiffungsh\u00e4fen und der Wetterbedingungen.\" \/>\n<meta property=\"og:url\" content=\"https:\/\/www.appartamentisoladelba.it\/de\/webcam-portoferraio-ankunft-der-faehre\/\" \/>\n<meta property=\"og:site_name\" content=\"Appartamenti Isola d&#039;Elba\" \/>\n<meta property=\"article:publisher\" content=\"https:\/\/www.facebook.com\/appartamentisoladelba\/\" \/>\n<meta property=\"article:modified_time\" content=\"2025-01-09T16:01:01+00:00\" \/>\n<meta property=\"og:image\" content=\"https:\/\/www.appartamentisoladelba.it\/wp-content\/uploads\/2023\/05\/webcam-portoferraio-arrivo-traghetti.jpg\" \/>\n\t<meta property=\"og:image:width\" content=\"1098\" \/>\n\t<meta property=\"og:image:height\" content=\"617\" \/>\n\t<meta property=\"og:image:type\" content=\"image\/jpeg\" \/>\n<meta name=\"twitter:card\" content=\"summary_large_image\" \/>\n<meta name=\"twitter:label1\" content=\"Gesch\u00e4tzte Lesezeit\" \/>\n\t<meta name=\"twitter:data1\" content=\"1\u00a0Minute\" \/>\n<!-- \/ Yoast SEO plugin. -->","yoast_head_json":{"title":"Webcam Portoferraio Ankunft der F\u00e4hre - Appartamenti Isola d&#039;Elba","description":"Eine Live-Webcam zur \u00dcberwachung der Ankunft der F\u00e4hren in Portoferraio, der Situation in den Einschiffungsh\u00e4fen und der Wetterbedingungen.","robots":{"index":"index","follow":"follow","max-snippet":"max-snippet:-1","max-image-preview":"max-image-preview:large","max-video-preview":"max-video-preview:-1"},"canonical":"https:\/\/www.appartamentisoladelba.it\/de\/webcam-portoferraio-ankunft-der-faehre\/","og_locale":"de_DE","og_type":"article","og_title":"Webcam Portoferraio Ankunft der F\u00e4hre - Appartamenti Isola d&#039;Elba","og_description":"Eine Live-Webcam zur \u00dcberwachung der Ankunft der F\u00e4hren in Portoferraio, der Situation in den Einschiffungsh\u00e4fen und der Wetterbedingungen.","og_url":"https:\/\/www.appartamentisoladelba.it\/de\/webcam-portoferraio-ankunft-der-faehre\/","og_site_name":"Appartamenti Isola d&#039;Elba","article_publisher":"https:\/\/www.facebook.com\/appartamentisoladelba\/","article_modified_time":"2025-01-09T16:01:01+00:00","og_image":[{"width":1098,"height":617,"url":"https:\/\/www.appartamentisoladelba.it\/wp-content\/uploads\/2023\/05\/webcam-portoferraio-arrivo-traghetti.jpg","type":"image\/jpeg"}],"twitter_card":"summary_large_image","twitter_misc":{"Gesch\u00e4tzte Lesezeit":"1\u00a0Minute"},"schema":{"@context":"https:\/\/schema.org","@graph":[{"@type":"WebPage","@id":"https:\/\/www.appartamentisoladelba.it\/de\/webcam-portoferraio-ankunft-der-faehre\/","url":"https:\/\/www.appartamentisoladelba.it\/de\/webcam-portoferraio-ankunft-der-faehre\/","name":"Webcam Portoferraio Ankunft der F\u00e4hre - Appartamenti Isola d&#039;Elba","isPartOf":{"@id":"https:\/\/www.appartamentisoladelba.it\/de\/#website"},"primaryImageOfPage":{"@id":"https:\/\/www.appartamentisoladelba.it\/de\/webcam-portoferraio-ankunft-der-faehre\/#primaryimage"},"image":{"@id":"https:\/\/www.appartamentisoladelba.it\/de\/webcam-portoferraio-ankunft-der-faehre\/#primaryimage"},"thumbnailUrl":"https:\/\/www.appartamentisoladelba.it\/wp-content\/uploads\/2023\/05\/webcam-portoferraio-arrivo-traghetti.jpg","datePublished":"2023-05-04T08:25:03+00:00","dateModified":"2025-01-09T16:01:01+00:00","description":"Eine Live-Webcam zur \u00dcberwachung der Ankunft der F\u00e4hren in Portoferraio, der Situation in den Einschiffungsh\u00e4fen und der Wetterbedingungen.","breadcrumb":{"@id":"https:\/\/www.appartamentisoladelba.it\/de\/webcam-portoferraio-ankunft-der-faehre\/#breadcrumb"},"inLanguage":"de","potentialAction":[{"@type":"ReadAction","target":["https:\/\/www.appartamentisoladelba.it\/de\/webcam-portoferraio-ankunft-der-faehre\/"]}]},{"@type":"ImageObject","inLanguage":"de","@id":"https:\/\/www.appartamentisoladelba.it\/de\/webcam-portoferraio-ankunft-der-faehre\/#primaryimage","url":"https:\/\/www.appartamentisoladelba.it\/wp-content\/uploads\/2023\/05\/webcam-portoferraio-arrivo-traghetti.jpg","contentUrl":"https:\/\/www.appartamentisoladelba.it\/wp-content\/uploads\/2023\/05\/webcam-portoferraio-arrivo-traghetti.jpg","width":1098,"height":617,"caption":"Live Webcam Portoferraio Arrivo Traghetti"},{"@type":"BreadcrumbList","@id":"https:\/\/www.appartamentisoladelba.it\/de\/webcam-portoferraio-ankunft-der-faehre\/#breadcrumb","itemListElement":[{"@type":"ListItem","position":1,"name":"Home","item":"https:\/\/www.appartamentisoladelba.it\/de\/"},{"@type":"ListItem","position":2,"name":"Webcam Portoferraio Ankunft der F\u00e4hre"}]},{"@type":"WebSite","@id":"https:\/\/www.appartamentisoladelba.it\/de\/#website","url":"https:\/\/www.appartamentisoladelba.it\/de\/","name":"Appartamenti Isola d'Elba","description":"Wohnungen zur Miete auf der Insel Elba f\u00fcr den Sommer","publisher":{"@id":"https:\/\/www.appartamentisoladelba.it\/de\/#organization"},"alternateName":"Appartamenti Elba","potentialAction":[{"@type":"SearchAction","target":{"@type":"EntryPoint","urlTemplate":"https:\/\/www.appartamentisoladelba.it\/de\/?s={search_term_string}"},"query-input":{"@type":"PropertyValueSpecification","valueRequired":true,"valueName":"search_term_string"}}],"inLanguage":"de"},{"@type":"Organization","@id":"https:\/\/www.appartamentisoladelba.it\/de\/#organization","name":"Appartamenti Isola d'Elba","alternateName":"Appartamenti Elba","url":"https:\/\/www.appartamentisoladelba.it\/de\/","logo":{"@type":"ImageObject","inLanguage":"de","@id":"https:\/\/www.appartamentisoladelba.it\/de\/#\/schema\/logo\/image\/","url":"https:\/\/www.appartamentisoladelba.it\/wp-content\/uploads\/2026\/01\/logo_appartamenti_2000px_testo_superdef.jpg","contentUrl":"https:\/\/www.appartamentisoladelba.it\/wp-content\/uploads\/2026\/01\/logo_appartamenti_2000px_testo_superdef.jpg","width":2000,"height":2000,"caption":"Appartamenti Isola d'Elba"},"image":{"@id":"https:\/\/www.appartamentisoladelba.it\/de\/#\/schema\/logo\/image\/"},"sameAs":["https:\/\/www.facebook.com\/appartamentisoladelba\/","https:\/\/www.instagram.com\/appartamentisoladelba\/"]}]}},"_links":{"self":[{"href":"https:\/\/www.appartamentisoladelba.it\/de\/wp-json\/wp\/v2\/pages\/11096","targetHints":{"allow":["GET"]}}],"collection":[{"href":"https:\/\/www.appartamentisoladelba.it\/de\/wp-json\/wp\/v2\/pages"}],"about":[{"href":"https:\/\/www.appartamentisoladelba.it\/de\/wp-json\/wp\/v2\/types\/page"}],"author":[{"embeddable":true,"href":"https:\/\/www.appartamentisoladelba.it\/de\/wp-json\/wp\/v2\/users\/2"}],"replies":[{"embeddable":true,"href":"https:\/\/www.appartamentisoladelba.it\/de\/wp-json\/wp\/v2\/comments?post=11096"}],"version-history":[{"count":5,"href":"https:\/\/www.appartamentisoladelba.it\/de\/wp-json\/wp\/v2\/pages\/11096\/revisions"}],"predecessor-version":[{"id":14116,"href":"https:\/\/www.appartamentisoladelba.it\/de\/wp-json\/wp\/v2\/pages\/11096\/revisions\/14116"}],"wp:featuredmedia":[{"embeddable":true,"href":"https:\/\/www.appartamentisoladelba.it\/de\/wp-json\/wp\/v2\/media\/11085"}],"wp:attachment":[{"href":"https:\/\/www.appartamentisoladelba.it\/de\/wp-json\/wp\/v2\/media?parent=11096"}],"curies":[{"name":"wp","href":"https:\/\/api.w.org\/{rel}","templated":true}]}}