{"id":8674,"date":"2022-09-06T09:40:24","date_gmt":"2022-09-06T07:40:24","guid":{"rendered":"http:\/\/geniodelbosco.youelba.com\/vacanze-isola-d-elba\/"},"modified":"2023-08-10T11:06:29","modified_gmt":"2023-08-10T09:06:29","slug":"urlaub","status":"publish","type":"page","link":"https:\/\/www.appartamentisoladelba.it\/de\/urlaub\/","title":{"rendered":"Urlaub"},"content":{"rendered":"\t\t<div data-elementor-type=\"wp-page\" data-elementor-id=\"8674\" class=\"elementor elementor-8674 elementor-4766\">\n\t\t\t\t\t\t<section class=\"elementor-section elementor-top-section elementor-element elementor-element-475247e elementor-section-height-min-height elementor-section-boxed elementor-section-height-default elementor-section-items-middle\" data-id=\"475247e\" data-element_type=\"section\" data-e-type=\"section\" data-settings=\"{&quot;background_background&quot;:&quot;classic&quot;}\">\n\t\t\t\t\t\t\t<div class=\"elementor-background-overlay\"><\/div>\n\t\t\t\t\t\t\t<div class=\"elementor-container elementor-column-gap-default\">\n\t\t\t\t\t<div class=\"elementor-column elementor-col-100 elementor-top-column elementor-element elementor-element-f24f409\" data-id=\"f24f409\" data-element_type=\"column\" data-e-type=\"column\">\n\t\t\t<div class=\"elementor-widget-wrap elementor-element-populated\">\n\t\t\t\t\t\t<div class=\"elementor-element elementor-element-c797ecf elementor-widget elementor-widget-heading\" data-id=\"c797ecf\" data-element_type=\"widget\" data-e-type=\"widget\" data-widget_type=\"heading.default\">\n\t\t\t\t<div class=\"elementor-widget-container\">\n\t\t\t\t\t<h1 class=\"elementor-heading-title elementor-size-default\">Urlaub auf der Insel Elba?<\/h1>\t\t\t\t<\/div>\n\t\t\t\t<\/div>\n\t\t\t\t<div class=\"elementor-element elementor-element-081e577 elementor-widget elementor-widget-heading\" data-id=\"081e577\" data-element_type=\"widget\" data-e-type=\"widget\" data-widget_type=\"heading.default\">\n\t\t\t\t<div class=\"elementor-widget-container\">\n\t\t\t\t\t<h2 class=\"elementor-heading-title elementor-size-default\">Wohnungen f\u00fcr alle Geschm\u00e4cker!<\/h2>\t\t\t\t<\/div>\n\t\t\t\t<\/div>\n\t\t\t\t\t<\/div>\n\t\t<\/div>\n\t\t\t\t\t<\/div>\n\t\t<\/section>\n\t\t\t\t<section class=\"elementor-section elementor-top-section elementor-element elementor-element-2262ab3 elementor-section-boxed elementor-section-height-default elementor-section-height-default\" data-id=\"2262ab3\" data-element_type=\"section\" data-e-type=\"section\">\n\t\t\t\t\t\t<div class=\"elementor-container elementor-column-gap-default\">\n\t\t\t\t\t<div class=\"elementor-column elementor-col-100 elementor-top-column elementor-element elementor-element-6b8bd25\" data-id=\"6b8bd25\" data-element_type=\"column\" data-e-type=\"column\">\n\t\t\t<div class=\"elementor-widget-wrap elementor-element-populated\">\n\t\t\t\t\t\t<div class=\"elementor-element elementor-element-b89a151 elementor-widget elementor-widget-spacer\" data-id=\"b89a151\" data-element_type=\"widget\" data-e-type=\"widget\" data-widget_type=\"spacer.default\">\n\t\t\t\t<div class=\"elementor-widget-container\">\n\t\t\t\t\t\t\t<div class=\"elementor-spacer\">\n\t\t\t<div class=\"elementor-spacer-inner\"><\/div>\n\t\t<\/div>\n\t\t\t\t\t\t<\/div>\n\t\t\t\t<\/div>\n\t\t\t\t\t<\/div>\n\t\t<\/div>\n\t\t\t\t\t<\/div>\n\t\t<\/section>\n\t\t\t\t<section class=\"elementor-section elementor-top-section elementor-element elementor-element-32c05f7 elementor-section-boxed elementor-section-height-default elementor-section-height-default\" data-id=\"32c05f7\" data-element_type=\"section\" data-e-type=\"section\">\n\t\t\t\t\t\t<div class=\"elementor-container elementor-column-gap-default\">\n\t\t\t\t\t<div class=\"elementor-column elementor-col-50 elementor-top-column elementor-element elementor-element-2089d00\" data-id=\"2089d00\" data-element_type=\"column\" data-e-type=\"column\">\n\t\t\t<div class=\"elementor-widget-wrap elementor-element-populated\">\n\t\t\t\t\t\t<div class=\"elementor-element elementor-element-6f0158f elementor-widget elementor-widget-text-editor\" data-id=\"6f0158f\" data-element_type=\"widget\" data-e-type=\"widget\" data-widget_type=\"text-editor.default\">\n\t\t\t\t<div class=\"elementor-widget-container\">\n\t\t\t\t\t\t\t\t\t<h3 style=\"text-align: center;\">Familienwohnungen<\/h3>\t\t\t\t\t\t\t\t<\/div>\n\t\t\t\t<\/div>\n\t\t\t\t<div class=\"elementor-element elementor-element-4cf5e40 elementor-widget elementor-widget-image\" data-id=\"4cf5e40\" data-element_type=\"widget\" data-e-type=\"widget\" data-widget_type=\"image.default\">\n\t\t\t\t<div class=\"elementor-widget-container\">\n\t\t\t\t\t\t\t\t\t\t\t\t\t\t\t<img fetchpriority=\"high\" decoding=\"async\" width=\"450\" height=\"300\" src=\"https:\/\/www.appartamentisoladelba.it\/wp-content\/uploads\/2022\/09\/vacanze-famiglia-elba.jpg\" class=\"attachment-large size-large wp-image-6333\" alt=\"\" srcset=\"https:\/\/www.appartamentisoladelba.it\/wp-content\/uploads\/2022\/09\/vacanze-famiglia-elba.jpg 450w, https:\/\/www.appartamentisoladelba.it\/wp-content\/uploads\/2022\/09\/vacanze-famiglia-elba-300x200.jpg 300w, https:\/\/www.appartamentisoladelba.it\/wp-content\/uploads\/2022\/09\/vacanze-famiglia-elba-120x80.jpg 120w\" sizes=\"(max-width: 450px) 100vw, 450px\" \/>\t\t\t\t\t\t\t\t\t\t\t\t\t\t\t<\/div>\n\t\t\t\t<\/div>\n\t\t\t\t<div class=\"elementor-element elementor-element-8c96015 elementor-widget elementor-widget-text-editor\" data-id=\"8c96015\" data-element_type=\"widget\" data-e-type=\"widget\" data-widget_type=\"text-editor.default\">\n\t\t\t\t<div class=\"elementor-widget-container\">\n\t\t\t\t\t\t\t\t\t<p><span style=\"color: #000000;\"><a style=\"color: #000000;\" href=\"\/de\/urlaub\/mit-familie\/\">Die am besten geeigneten Wohnungen f\u00fcr einen Familienurlaub auf Elba, kinderfreundlich f\u00fcr die Entspannung der Eltern.<\/a><\/span><\/p>\t\t\t\t\t\t\t\t<\/div>\n\t\t\t\t<\/div>\n\t\t\t\t<div class=\"elementor-element elementor-element-9fc930b elementor-align-center elementor-widget elementor-widget-button\" data-id=\"9fc930b\" data-element_type=\"widget\" data-e-type=\"widget\" data-widget_type=\"button.default\">\n\t\t\t\t<div class=\"elementor-widget-container\">\n\t\t\t\t\t\t\t\t\t<div class=\"elementor-button-wrapper\">\n\t\t\t\t\t<a class=\"elementor-button elementor-button-link elementor-size-sm\" href=\"\/de\/urlaub\/mit-familie\/\">\n\t\t\t\t\t\t<span class=\"elementor-button-content-wrapper\">\n\t\t\t\t\t\t\t\t\t<span class=\"elementor-button-text\">DETAILS<\/span>\n\t\t\t\t\t<\/span>\n\t\t\t\t\t<\/a>\n\t\t\t\t<\/div>\n\t\t\t\t\t\t\t\t<\/div>\n\t\t\t\t<\/div>\n\t\t\t\t<div class=\"elementor-element elementor-element-ccb81db elementor-widget elementor-widget-spacer\" data-id=\"ccb81db\" data-element_type=\"widget\" data-e-type=\"widget\" data-widget_type=\"spacer.default\">\n\t\t\t\t<div class=\"elementor-widget-container\">\n\t\t\t\t\t\t\t<div class=\"elementor-spacer\">\n\t\t\t<div class=\"elementor-spacer-inner\"><\/div>\n\t\t<\/div>\n\t\t\t\t\t\t<\/div>\n\t\t\t\t<\/div>\n\t\t\t\t\t<\/div>\n\t\t<\/div>\n\t\t\t\t<div class=\"elementor-column elementor-col-50 elementor-top-column elementor-element elementor-element-ba24f5d\" data-id=\"ba24f5d\" data-element_type=\"column\" data-e-type=\"column\">\n\t\t\t<div class=\"elementor-widget-wrap elementor-element-populated\">\n\t\t\t\t\t\t<div class=\"elementor-element elementor-element-5a00da5 elementor-widget elementor-widget-text-editor\" data-id=\"5a00da5\" data-element_type=\"widget\" data-e-type=\"widget\" data-widget_type=\"text-editor.default\">\n\t\t\t\t<div class=\"elementor-widget-container\">\n\t\t\t\t\t\t\t\t\t<h3 style=\"text-align: center;\">Romantische Ferien<\/h3>\t\t\t\t\t\t\t\t<\/div>\n\t\t\t\t<\/div>\n\t\t\t\t<div class=\"elementor-element elementor-element-63391f0 elementor-widget elementor-widget-image\" data-id=\"63391f0\" data-element_type=\"widget\" data-e-type=\"widget\" data-widget_type=\"image.default\">\n\t\t\t\t<div class=\"elementor-widget-container\">\n\t\t\t\t\t\t\t\t\t\t\t\t\t\t\t<img decoding=\"async\" width=\"450\" height=\"300\" src=\"https:\/\/www.appartamentisoladelba.it\/wp-content\/uploads\/2022\/09\/vacanze-romantiche-elba.jpg\" class=\"attachment-large size-large wp-image-6335\" alt=\"\" srcset=\"https:\/\/www.appartamentisoladelba.it\/wp-content\/uploads\/2022\/09\/vacanze-romantiche-elba.jpg 450w, https:\/\/www.appartamentisoladelba.it\/wp-content\/uploads\/2022\/09\/vacanze-romantiche-elba-300x200.jpg 300w, https:\/\/www.appartamentisoladelba.it\/wp-content\/uploads\/2022\/09\/vacanze-romantiche-elba-120x80.jpg 120w\" sizes=\"(max-width: 450px) 100vw, 450px\" \/>\t\t\t\t\t\t\t\t\t\t\t\t\t\t\t<\/div>\n\t\t\t\t<\/div>\n\t\t\t\t<div class=\"elementor-element elementor-element-ae10852 elementor-widget elementor-widget-text-editor\" data-id=\"ae10852\" data-element_type=\"widget\" data-e-type=\"widget\" data-widget_type=\"text-editor.default\">\n\t\t\t\t<div class=\"elementor-widget-container\">\n\t\t\t\t\t\t\t\t\t<p><span style=\"color: #000000;\"><a style=\"color: #000000;\" href=\"\/de\/urlaub\/fuer-paare\/\">Tr\u00e4umen Sie von einem romantischen Urlaub auf der Insel Elba? Hier sind die ausgew\u00e4hlten Wohnungen f\u00fcr den Urlaub mit Ihrem Partner.<\/a><\/span><\/p>\t\t\t\t\t\t\t\t<\/div>\n\t\t\t\t<\/div>\n\t\t\t\t<div class=\"elementor-element elementor-element-0835958 elementor-align-center elementor-widget elementor-widget-button\" data-id=\"0835958\" data-element_type=\"widget\" data-e-type=\"widget\" data-widget_type=\"button.default\">\n\t\t\t\t<div class=\"elementor-widget-container\">\n\t\t\t\t\t\t\t\t\t<div class=\"elementor-button-wrapper\">\n\t\t\t\t\t<a class=\"elementor-button elementor-button-link elementor-size-sm\" href=\"\/de\/urlaub\/fuer-paare\/\">\n\t\t\t\t\t\t<span class=\"elementor-button-content-wrapper\">\n\t\t\t\t\t\t\t\t\t<span class=\"elementor-button-text\">DETAILS<\/span>\n\t\t\t\t\t<\/span>\n\t\t\t\t\t<\/a>\n\t\t\t\t<\/div>\n\t\t\t\t\t\t\t\t<\/div>\n\t\t\t\t<\/div>\n\t\t\t\t<div class=\"elementor-element elementor-element-481329d elementor-widget elementor-widget-spacer\" data-id=\"481329d\" data-element_type=\"widget\" data-e-type=\"widget\" data-widget_type=\"spacer.default\">\n\t\t\t\t<div class=\"elementor-widget-container\">\n\t\t\t\t\t\t\t<div class=\"elementor-spacer\">\n\t\t\t<div class=\"elementor-spacer-inner\"><\/div>\n\t\t<\/div>\n\t\t\t\t\t\t<\/div>\n\t\t\t\t<\/div>\n\t\t\t\t\t<\/div>\n\t\t<\/div>\n\t\t\t\t\t<\/div>\n\t\t<\/section>\n\t\t\t\t<section class=\"elementor-section elementor-top-section elementor-element elementor-element-134dfaf elementor-section-boxed elementor-section-height-default elementor-section-height-default\" data-id=\"134dfaf\" data-element_type=\"section\" data-e-type=\"section\">\n\t\t\t\t\t\t<div class=\"elementor-container elementor-column-gap-default\">\n\t\t\t\t\t<div class=\"elementor-column elementor-col-50 elementor-top-column elementor-element elementor-element-c9290b2\" data-id=\"c9290b2\" data-element_type=\"column\" data-e-type=\"column\">\n\t\t\t<div class=\"elementor-widget-wrap elementor-element-populated\">\n\t\t\t\t\t\t<div class=\"elementor-element elementor-element-61cc2d7 elementor-widget elementor-widget-text-editor\" data-id=\"61cc2d7\" data-element_type=\"widget\" data-e-type=\"widget\" data-widget_type=\"text-editor.default\">\n\t\t\t\t<div class=\"elementor-widget-container\">\n\t\t\t\t\t\t\t\t\t<h3 style=\"text-align: center;\">Im Urlaub mit Freunden?<\/h3>\t\t\t\t\t\t\t\t<\/div>\n\t\t\t\t<\/div>\n\t\t\t\t<div class=\"elementor-element elementor-element-0f33ef4 elementor-widget elementor-widget-image\" data-id=\"0f33ef4\" data-element_type=\"widget\" data-e-type=\"widget\" data-widget_type=\"image.default\">\n\t\t\t\t<div class=\"elementor-widget-container\">\n\t\t\t\t\t\t\t\t\t\t\t\t\t\t\t<img decoding=\"async\" width=\"450\" height=\"300\" src=\"https:\/\/www.appartamentisoladelba.it\/wp-content\/uploads\/2022\/09\/vacanze-amici-elba.jpg\" class=\"attachment-large size-large wp-image-6329\" alt=\"\" srcset=\"https:\/\/www.appartamentisoladelba.it\/wp-content\/uploads\/2022\/09\/vacanze-amici-elba.jpg 450w, https:\/\/www.appartamentisoladelba.it\/wp-content\/uploads\/2022\/09\/vacanze-amici-elba-300x200.jpg 300w, https:\/\/www.appartamentisoladelba.it\/wp-content\/uploads\/2022\/09\/vacanze-amici-elba-120x80.jpg 120w\" sizes=\"(max-width: 450px) 100vw, 450px\" \/>\t\t\t\t\t\t\t\t\t\t\t\t\t\t\t<\/div>\n\t\t\t\t<\/div>\n\t\t\t\t<div class=\"elementor-element elementor-element-c996354 elementor-widget elementor-widget-text-editor\" data-id=\"c996354\" data-element_type=\"widget\" data-e-type=\"widget\" data-widget_type=\"text-editor.default\">\n\t\t\t\t<div class=\"elementor-widget-container\">\n\t\t\t\t\t\t\t\t\t<p><span style=\"color: #000000;\"><a style=\"color: #000000;\" href=\"\/de\/urlaub\/mit-freunde\/\">Hier finden Sie die am besten geeigneten Wohnungen, um Ihren Urlaub auf der Insel Elba mit Freunden zu verbringen.<\/a><\/span><\/p>\t\t\t\t\t\t\t\t<\/div>\n\t\t\t\t<\/div>\n\t\t\t\t<div class=\"elementor-element elementor-element-a1cc3ac elementor-align-center elementor-widget elementor-widget-button\" data-id=\"a1cc3ac\" data-element_type=\"widget\" data-e-type=\"widget\" data-widget_type=\"button.default\">\n\t\t\t\t<div class=\"elementor-widget-container\">\n\t\t\t\t\t\t\t\t\t<div class=\"elementor-button-wrapper\">\n\t\t\t\t\t<a class=\"elementor-button elementor-button-link elementor-size-sm\" href=\"\/de\/urlaub\/mit-freunde\/\">\n\t\t\t\t\t\t<span class=\"elementor-button-content-wrapper\">\n\t\t\t\t\t\t\t\t\t<span class=\"elementor-button-text\">DETAILS<\/span>\n\t\t\t\t\t<\/span>\n\t\t\t\t\t<\/a>\n\t\t\t\t<\/div>\n\t\t\t\t\t\t\t\t<\/div>\n\t\t\t\t<\/div>\n\t\t\t\t<div class=\"elementor-element elementor-element-794fde2 elementor-widget elementor-widget-spacer\" data-id=\"794fde2\" data-element_type=\"widget\" data-e-type=\"widget\" data-widget_type=\"spacer.default\">\n\t\t\t\t<div class=\"elementor-widget-container\">\n\t\t\t\t\t\t\t<div class=\"elementor-spacer\">\n\t\t\t<div class=\"elementor-spacer-inner\"><\/div>\n\t\t<\/div>\n\t\t\t\t\t\t<\/div>\n\t\t\t\t<\/div>\n\t\t\t\t\t<\/div>\n\t\t<\/div>\n\t\t\t\t<div class=\"elementor-column elementor-col-50 elementor-top-column elementor-element elementor-element-0ad279a\" data-id=\"0ad279a\" data-element_type=\"column\" data-e-type=\"column\">\n\t\t\t<div class=\"elementor-widget-wrap elementor-element-populated\">\n\t\t\t\t\t\t<div class=\"elementor-element elementor-element-ca98977 elementor-widget elementor-widget-text-editor\" data-id=\"ca98977\" data-element_type=\"widget\" data-e-type=\"widget\" data-widget_type=\"text-editor.default\">\n\t\t\t\t<div class=\"elementor-widget-container\">\n\t\t\t\t\t\t\t\t\t<h3 style=\"text-align: center;\">Urlaub mit Hund?<\/h3>\t\t\t\t\t\t\t\t<\/div>\n\t\t\t\t<\/div>\n\t\t\t\t<div class=\"elementor-element elementor-element-e942545 elementor-widget elementor-widget-image\" data-id=\"e942545\" data-element_type=\"widget\" data-e-type=\"widget\" data-widget_type=\"image.default\">\n\t\t\t\t<div class=\"elementor-widget-container\">\n\t\t\t\t\t\t\t\t\t\t\t\t\t\t\t<img loading=\"lazy\" decoding=\"async\" width=\"450\" height=\"300\" src=\"https:\/\/www.appartamentisoladelba.it\/wp-content\/uploads\/2022\/09\/vacanze-animali-elba.jpg\" class=\"attachment-large size-large wp-image-6331\" alt=\"\" srcset=\"https:\/\/www.appartamentisoladelba.it\/wp-content\/uploads\/2022\/09\/vacanze-animali-elba.jpg 450w, https:\/\/www.appartamentisoladelba.it\/wp-content\/uploads\/2022\/09\/vacanze-animali-elba-300x200.jpg 300w, https:\/\/www.appartamentisoladelba.it\/wp-content\/uploads\/2022\/09\/vacanze-animali-elba-120x80.jpg 120w\" sizes=\"(max-width: 450px) 100vw, 450px\" \/>\t\t\t\t\t\t\t\t\t\t\t\t\t\t\t<\/div>\n\t\t\t\t<\/div>\n\t\t\t\t<div class=\"elementor-element elementor-element-2cf3b61 elementor-widget elementor-widget-text-editor\" data-id=\"2cf3b61\" data-element_type=\"widget\" data-e-type=\"widget\" data-widget_type=\"text-editor.default\">\n\t\t\t\t<div class=\"elementor-widget-container\">\n\t\t\t\t\t\t\t\t\t<p><span style=\"color: #000000;\"><a style=\"color: #000000;\" href=\"\/de\/urlaub\/mit-hund\/\">Hier sind die haustierfreundlichen Wohnungen auf der Insel Elba f\u00fcr einen Urlaub mit Ihren vierbeinigen Freunden.<\/a><\/span><\/p>\t\t\t\t\t\t\t\t<\/div>\n\t\t\t\t<\/div>\n\t\t\t\t<div class=\"elementor-element elementor-element-21646fc elementor-align-center elementor-widget elementor-widget-button\" data-id=\"21646fc\" data-element_type=\"widget\" data-e-type=\"widget\" data-widget_type=\"button.default\">\n\t\t\t\t<div class=\"elementor-widget-container\">\n\t\t\t\t\t\t\t\t\t<div class=\"elementor-button-wrapper\">\n\t\t\t\t\t<a class=\"elementor-button elementor-button-link elementor-size-sm\" href=\"\/de\/urlaub\/mit-hund\/\">\n\t\t\t\t\t\t<span class=\"elementor-button-content-wrapper\">\n\t\t\t\t\t\t\t\t\t<span class=\"elementor-button-text\">DETAILS<\/span>\n\t\t\t\t\t<\/span>\n\t\t\t\t\t<\/a>\n\t\t\t\t<\/div>\n\t\t\t\t\t\t\t\t<\/div>\n\t\t\t\t<\/div>\n\t\t\t\t<div class=\"elementor-element elementor-element-2d681c4 elementor-widget elementor-widget-spacer\" data-id=\"2d681c4\" data-element_type=\"widget\" data-e-type=\"widget\" data-widget_type=\"spacer.default\">\n\t\t\t\t<div class=\"elementor-widget-container\">\n\t\t\t\t\t\t\t<div class=\"elementor-spacer\">\n\t\t\t<div class=\"elementor-spacer-inner\"><\/div>\n\t\t<\/div>\n\t\t\t\t\t\t<\/div>\n\t\t\t\t<\/div>\n\t\t\t\t\t<\/div>\n\t\t<\/div>\n\t\t\t\t\t<\/div>\n\t\t<\/section>\n\t\t\t\t<\/div>\n\t\t","protected":false},"excerpt":{"rendered":"<p>Urlaub auf der Insel Elba? Wohnungen f\u00fcr alle Geschm\u00e4cker! Familienwohnungen Die am besten geeigneten Wohnungen f\u00fcr einen Familienurlaub auf Elba, kinderfreundlich f\u00fcr die Entspannung der Eltern. DETAILS Romantische Ferien Tr\u00e4umen Sie von einem romantischen Urlaub auf der Insel Elba? Hier sind die ausgew\u00e4hlten Wohnungen f\u00fcr den Urlaub mit Ihrem Partner. DETAILS Im Urlaub mit Freunden? [&hellip;]<\/p>\n","protected":false},"author":2,"featured_media":6329,"parent":0,"menu_order":0,"comment_status":"closed","ping_status":"closed","template":"elementor_header_footer","meta":{"_joinchat":[],"footnotes":""},"class_list":["post-8674","page","type-page","status-publish","has-post-thumbnail","hentry"],"yoast_head":"<!-- This site is optimized with the Yoast SEO plugin v27.2 - https:\/\/yoast.com\/product\/yoast-seo-wordpress\/ -->\n<title>Urlaub - Appartamenti Isola d&#039;Elba<\/title>\n<meta name=\"robots\" content=\"index, follow, max-snippet:-1, max-image-preview:large, max-video-preview:-1\" \/>\n<link rel=\"canonical\" href=\"https:\/\/www.appartamentisoladelba.it\/de\/urlaub\/\" \/>\n<meta property=\"og:locale\" content=\"de_DE\" \/>\n<meta property=\"og:type\" content=\"article\" \/>\n<meta property=\"og:title\" content=\"Urlaub - Appartamenti Isola d&#039;Elba\" \/>\n<meta property=\"og:description\" content=\"Urlaub auf der Insel Elba? Wohnungen f\u00fcr alle Geschm\u00e4cker! Familienwohnungen Die am besten geeigneten Wohnungen f\u00fcr einen Familienurlaub auf Elba, kinderfreundlich f\u00fcr die Entspannung der Eltern. DETAILS Romantische Ferien Tr\u00e4umen Sie von einem romantischen Urlaub auf der Insel Elba? Hier sind die ausgew\u00e4hlten Wohnungen f\u00fcr den Urlaub mit Ihrem Partner. DETAILS Im Urlaub mit Freunden? [&hellip;]\" \/>\n<meta property=\"og:url\" content=\"https:\/\/www.appartamentisoladelba.it\/de\/urlaub\/\" \/>\n<meta property=\"og:site_name\" content=\"Appartamenti Isola d&#039;Elba\" \/>\n<meta property=\"article:publisher\" content=\"https:\/\/www.facebook.com\/appartamentisoladelba\/\" \/>\n<meta property=\"article:modified_time\" content=\"2023-08-10T09:06:29+00:00\" \/>\n<meta property=\"og:image\" content=\"https:\/\/www.appartamentisoladelba.it\/wp-content\/uploads\/2022\/09\/vacanze-amici-elba.jpg\" \/>\n\t<meta property=\"og:image:width\" content=\"450\" \/>\n\t<meta property=\"og:image:height\" content=\"300\" \/>\n\t<meta property=\"og:image:type\" content=\"image\/jpeg\" \/>\n<meta name=\"twitter:card\" content=\"summary_large_image\" \/>\n<meta name=\"twitter:label1\" content=\"Gesch\u00e4tzte Lesezeit\" \/>\n\t<meta name=\"twitter:data1\" content=\"2\u00a0Minuten\" \/>\n<!-- \/ Yoast SEO plugin. -->","yoast_head_json":{"title":"Urlaub - Appartamenti Isola d&#039;Elba","robots":{"index":"index","follow":"follow","max-snippet":"max-snippet:-1","max-image-preview":"max-image-preview:large","max-video-preview":"max-video-preview:-1"},"canonical":"https:\/\/www.appartamentisoladelba.it\/de\/urlaub\/","og_locale":"de_DE","og_type":"article","og_title":"Urlaub - Appartamenti Isola d&#039;Elba","og_description":"Urlaub auf der Insel Elba? Wohnungen f\u00fcr alle Geschm\u00e4cker! Familienwohnungen Die am besten geeigneten Wohnungen f\u00fcr einen Familienurlaub auf Elba, kinderfreundlich f\u00fcr die Entspannung der Eltern. DETAILS Romantische Ferien Tr\u00e4umen Sie von einem romantischen Urlaub auf der Insel Elba? Hier sind die ausgew\u00e4hlten Wohnungen f\u00fcr den Urlaub mit Ihrem Partner. DETAILS Im Urlaub mit Freunden? [&hellip;]","og_url":"https:\/\/www.appartamentisoladelba.it\/de\/urlaub\/","og_site_name":"Appartamenti Isola d&#039;Elba","article_publisher":"https:\/\/www.facebook.com\/appartamentisoladelba\/","article_modified_time":"2023-08-10T09:06:29+00:00","og_image":[{"width":450,"height":300,"url":"https:\/\/www.appartamentisoladelba.it\/wp-content\/uploads\/2022\/09\/vacanze-amici-elba.jpg","type":"image\/jpeg"}],"twitter_card":"summary_large_image","twitter_misc":{"Gesch\u00e4tzte Lesezeit":"2\u00a0Minuten"},"schema":{"@context":"https:\/\/schema.org","@graph":[{"@type":"WebPage","@id":"https:\/\/www.appartamentisoladelba.it\/de\/urlaub\/","url":"https:\/\/www.appartamentisoladelba.it\/de\/urlaub\/","name":"Urlaub - Appartamenti Isola d&#039;Elba","isPartOf":{"@id":"https:\/\/www.appartamentisoladelba.it\/de\/#website"},"primaryImageOfPage":{"@id":"https:\/\/www.appartamentisoladelba.it\/de\/urlaub\/#primaryimage"},"image":{"@id":"https:\/\/www.appartamentisoladelba.it\/de\/urlaub\/#primaryimage"},"thumbnailUrl":"https:\/\/www.appartamentisoladelba.it\/wp-content\/uploads\/2022\/09\/vacanze-amici-elba.jpg","datePublished":"2022-09-06T07:40:24+00:00","dateModified":"2023-08-10T09:06:29+00:00","breadcrumb":{"@id":"https:\/\/www.appartamentisoladelba.it\/de\/urlaub\/#breadcrumb"},"inLanguage":"de","potentialAction":[{"@type":"ReadAction","target":["https:\/\/www.appartamentisoladelba.it\/de\/urlaub\/"]}]},{"@type":"ImageObject","inLanguage":"de","@id":"https:\/\/www.appartamentisoladelba.it\/de\/urlaub\/#primaryimage","url":"https:\/\/www.appartamentisoladelba.it\/wp-content\/uploads\/2022\/09\/vacanze-amici-elba.jpg","contentUrl":"https:\/\/www.appartamentisoladelba.it\/wp-content\/uploads\/2022\/09\/vacanze-amici-elba.jpg","width":450,"height":300},{"@type":"BreadcrumbList","@id":"https:\/\/www.appartamentisoladelba.it\/de\/urlaub\/#breadcrumb","itemListElement":[{"@type":"ListItem","position":1,"name":"Home","item":"https:\/\/www.appartamentisoladelba.it\/de\/"},{"@type":"ListItem","position":2,"name":"Urlaub"}]},{"@type":"WebSite","@id":"https:\/\/www.appartamentisoladelba.it\/de\/#website","url":"https:\/\/www.appartamentisoladelba.it\/de\/","name":"Appartamenti Isola d'Elba","description":"Wohnungen zur Miete auf der Insel Elba f\u00fcr den Sommer","publisher":{"@id":"https:\/\/www.appartamentisoladelba.it\/de\/#organization"},"alternateName":"Appartamenti Elba","potentialAction":[{"@type":"SearchAction","target":{"@type":"EntryPoint","urlTemplate":"https:\/\/www.appartamentisoladelba.it\/de\/?s={search_term_string}"},"query-input":{"@type":"PropertyValueSpecification","valueRequired":true,"valueName":"search_term_string"}}],"inLanguage":"de"},{"@type":"Organization","@id":"https:\/\/www.appartamentisoladelba.it\/de\/#organization","name":"Appartamenti Isola d'Elba","alternateName":"Appartamenti Elba","url":"https:\/\/www.appartamentisoladelba.it\/de\/","logo":{"@type":"ImageObject","inLanguage":"de","@id":"https:\/\/www.appartamentisoladelba.it\/de\/#\/schema\/logo\/image\/","url":"https:\/\/www.appartamentisoladelba.it\/wp-content\/uploads\/2026\/01\/logo_appartamenti_2000px_testo_superdef.jpg","contentUrl":"https:\/\/www.appartamentisoladelba.it\/wp-content\/uploads\/2026\/01\/logo_appartamenti_2000px_testo_superdef.jpg","width":2000,"height":2000,"caption":"Appartamenti Isola d'Elba"},"image":{"@id":"https:\/\/www.appartamentisoladelba.it\/de\/#\/schema\/logo\/image\/"},"sameAs":["https:\/\/www.facebook.com\/appartamentisoladelba\/","https:\/\/www.instagram.com\/appartamentisoladelba\/"]}]}},"_links":{"self":[{"href":"https:\/\/www.appartamentisoladelba.it\/de\/wp-json\/wp\/v2\/pages\/8674","targetHints":{"allow":["GET"]}}],"collection":[{"href":"https:\/\/www.appartamentisoladelba.it\/de\/wp-json\/wp\/v2\/pages"}],"about":[{"href":"https:\/\/www.appartamentisoladelba.it\/de\/wp-json\/wp\/v2\/types\/page"}],"author":[{"embeddable":true,"href":"https:\/\/www.appartamentisoladelba.it\/de\/wp-json\/wp\/v2\/users\/2"}],"replies":[{"embeddable":true,"href":"https:\/\/www.appartamentisoladelba.it\/de\/wp-json\/wp\/v2\/comments?post=8674"}],"version-history":[{"count":3,"href":"https:\/\/www.appartamentisoladelba.it\/de\/wp-json\/wp\/v2\/pages\/8674\/revisions"}],"predecessor-version":[{"id":12295,"href":"https:\/\/www.appartamentisoladelba.it\/de\/wp-json\/wp\/v2\/pages\/8674\/revisions\/12295"}],"wp:featuredmedia":[{"embeddable":true,"href":"https:\/\/www.appartamentisoladelba.it\/de\/wp-json\/wp\/v2\/media\/6329"}],"wp:attachment":[{"href":"https:\/\/www.appartamentisoladelba.it\/de\/wp-json\/wp\/v2\/media?parent=8674"}],"curies":[{"name":"wp","href":"https:\/\/api.w.org\/{rel}","templated":true}]}}